{"id":1011,"date":"2025-10-29T10:34:44","date_gmt":"2025-10-29T09:34:44","guid":{"rendered":"https:\/\/pi-healthsolutions.com\/?page_id=1011"},"modified":"2025-10-29T14:55:45","modified_gmt":"2025-10-29T13:55:45","slug":"impressum","status":"publish","type":"page","link":"https:\/\/pi-healthsolutions.com\/de\/impressum\/","title":{"rendered":"impressum"},"content":{"rendered":"\n<p style=\"font-size:14px\">PI Health Solutions GmbH<\/p>\n\n\n\n<p style=\"font-size:14px\">Robert-R\u00f6ssle-Str.10<\/p>\n\n\n\n<p style=\"font-size:14px\">13125 Berlin<\/p>\n\n\n\n<p style=\"font-size:14px\">AG Berlin-Charlottenburg HRB 217701 B<\/p>\n\n\n\n<p style=\"font-size:14px\">Gesch\u00e4ftsf\u00fchrer: Georg Winterer, Axel Glemser, Christoph Preu\u00df, Thomas Allerstorfer<\/p>\n\n\n\n<p style=\"font-size:14px\">office@pi-healthsolutions.com<\/p>\n\n\n\n<h2 class=\"wp-block-heading\" style=\"font-size:15px\">Haftungsausschluss<\/h2>\n\n\n\n<p style=\"font-size:14px\">Trotz aller Sorgfalt kann keine Haftung f\u00fcr die Richtigkeit, Vollst\u00e4ndigkeit und Aktualit\u00e4t der bereitgestellten Informationen \u00fcbernommen werden. Gleiches gilt f\u00fcr Webseiten Dritter, auf die die PI Health Solutions GmbH mittels Hyperlinks verweist. Die PI Health Solutions GmbH \u00fcbernimmt keine Haftung f\u00fcr deren Inhalte.<\/p>\n\n\n\n<p><\/p>\n","protected":false},"excerpt":{"rendered":"<p>PI Health Solutions GmbH Robert-R\u00f6ssle-Str.10 13125 Berlin AG Berlin-Charlottenburg HRB 217701 B Gesch\u00e4ftsf\u00fchrer: Georg Winterer, Axel Glemser, Christoph Preu\u00df, Thomas Allerstorfer office@pi-healthsolutions.com Haftungsausschluss Trotz aller Sorgfalt kann keine Haftung f\u00fcr die Richtigkeit, Vollst\u00e4ndigkeit und Aktualit\u00e4t der bereitgestellten Informationen \u00fcbernommen werden. Gleiches gilt f\u00fcr Webseiten Dritter, auf die die PI Health Solutions GmbH mittels Hyperlinks verweist. &hellip; <a href=\"https:\/\/pi-healthsolutions.com\/de\/impressum\/\">Continued<\/a><\/p>\n","protected":false},"author":2,"featured_media":0,"parent":0,"menu_order":0,"comment_status":"closed","ping_status":"closed","template":"","meta":{"footnotes":""},"class_list":["post-1011","page","type-page","status-publish","hentry"],"_links":{"self":[{"href":"https:\/\/pi-healthsolutions.com\/de\/wp-json\/wp\/v2\/pages\/1011","targetHints":{"allow":["GET"]}}],"collection":[{"href":"https:\/\/pi-healthsolutions.com\/de\/wp-json\/wp\/v2\/pages"}],"about":[{"href":"https:\/\/pi-healthsolutions.com\/de\/wp-json\/wp\/v2\/types\/page"}],"author":[{"embeddable":true,"href":"https:\/\/pi-healthsolutions.com\/de\/wp-json\/wp\/v2\/users\/2"}],"replies":[{"embeddable":true,"href":"https:\/\/pi-healthsolutions.com\/de\/wp-json\/wp\/v2\/comments?post=1011"}],"version-history":[{"count":5,"href":"https:\/\/pi-healthsolutions.com\/de\/wp-json\/wp\/v2\/pages\/1011\/revisions"}],"predecessor-version":[{"id":1167,"href":"https:\/\/pi-healthsolutions.com\/de\/wp-json\/wp\/v2\/pages\/1011\/revisions\/1167"}],"wp:attachment":[{"href":"https:\/\/pi-healthsolutions.com\/de\/wp-json\/wp\/v2\/media?parent=1011"}],"curies":[{"name":"wp","href":"https:\/\/api.w.org\/{rel}","templated":true}]}}