{"id":1181,"date":"2025-10-29T20:44:40","date_gmt":"2025-10-29T19:44:40","guid":{"rendered":"https:\/\/pi-healthsolutions.com\/?page_id=1181"},"modified":"2025-10-29T21:22:28","modified_gmt":"2025-10-29T20:22:28","slug":"mobile-und-stationaere-corona-testungen-impfunterstuetzung","status":"publish","type":"page","link":"https:\/\/pi-healthsolutions.com\/de\/mobile-und-stationaere-corona-testungen-impfunterstuetzung\/","title":{"rendered":"Mobile und station\u00e4re Corona- Testungen &amp; Impfunterst\u00fctzung"},"content":{"rendered":"\n<div class=\"wp-block-media-text is-stacked-on-mobile is-vertically-aligned-top is-style-left\"><figure class=\"wp-block-media-text__media\"><img loading=\"lazy\" decoding=\"async\" width=\"993\" height=\"1024\" src=\"https:\/\/pi-healthsolutions.com\/wp-content\/uploads\/2025\/10\/corona-testloesungen-993x1024.jpg\" alt=\"\" class=\"wp-image-1182 size-full\" srcset=\"https:\/\/pi-healthsolutions.com\/wp-content\/uploads\/2025\/10\/corona-testloesungen-993x1024.jpg 993w, https:\/\/pi-healthsolutions.com\/wp-content\/uploads\/2025\/10\/corona-testloesungen-291x300.jpg 291w, https:\/\/pi-healthsolutions.com\/wp-content\/uploads\/2025\/10\/corona-testloesungen-768x792.jpg 768w, https:\/\/pi-healthsolutions.com\/wp-content\/uploads\/2025\/10\/corona-testloesungen.jpg 1198w\" sizes=\"auto, (max-width: 993px) 100vw, 993px\" \/><\/figure><div class=\"wp-block-media-text__content\">\n<h2 class=\"wp-block-heading\">Unterst\u00fctzung bei Covid-Testungen<\/h2>\n\n\n\n<p>PI Heath Solutions bietet zusammen mit etablierten Laboren optimale Testl\u00f6sungen f\u00fcr den \u00f6ffentlichen Sektor und Unternehmen an und hilft so, das Risiko pandemiebedingter Ausf\u00e4lle zu verringern \u2013 egal ob Testl\u00f6sungen f\u00fcr Unternehmen, Eventdienstleister, Filmproduktionen, Reihentestungen in Schulen oder individuelle Testanfragen. Unser medizinisch geschultes Personal f\u00fchrt station\u00e4re sowie mobile Testungen zuverl\u00e4ssig und kurzfristig durch. Die Proben werden per Rachen- oder Nasenabstrich entnommen. Die Auswertung der Antigen-Schnelltests erfolgt innerhalb von 15 Minuten vor Ort. PCR-Proben werden im Anschluss per Expressdienst zur Auswertung in eines unserer Partnerlabore gesandt.&nbsp;<\/p>\n\n\n\n<ul class=\"wp-block-list\">\n<li>Mobile &amp; station\u00e4re Testungen deutschlandweit<\/li>\n\n\n\n<li>Medizinisch geschultes Personal&nbsp;<\/li>\n\n\n\n<li>Durchf\u00fchrung von Antigen-Schnelltests und PCR-Tests<\/li>\n\n\n\n<li>Antigen-Schnelltest-Ergebnis nach 15 Minuten (inkl. Testat)<\/li>\n\n\n\n<li>PCR-Test Laboranalyse, Ergebnis nach max. 48h&nbsp;<\/li>\n\n\n\n<li>Beratung der Getesteten<\/li>\n\n\n\n<li>Flexible Einsatzzeiten<\/li>\n<\/ul>\n\n\n\n<p>Bei Bedarf bieten wir auch Online- und Pr\u00e4senzschulungen zur Abstrichdurchf\u00fchrung von Selbsttests an.<\/p>\n\n\n\n<p><\/p>\n\n\n\n<h2 class=\"wp-block-heading\">Individuelle L\u00f6sung bei der Durchf\u00fchrung und Unterst\u00fctzung von COVID-Impfungen<\/h2>\n\n\n\n<p>Seitens COVID-19-Schutzimpfung stellt PI Health Solutions qualifiziertes Fachpersonal f\u00fcr die Durchf\u00fchrung der Schutzimpfungen.<br>Als zeitgem\u00e4\u00dfer Gesundheitsdienstleister rekrutieren wir medizinisches Fachpersonal, Gesundheits- und Krankenpfleger\/innen, Arzthelfer\/innen, Rettungssanit\u00e4ter\/innen, Medizinstudierenden und Assistenz\u00e4rzte\/innen f\u00fcr Ihre Impf-Aktion \u2013 Ma\u00dfgeschneidert auf Ihre Bed\u00fcrfnisse und zu attraktiven Konditionen.<\/p>\n\n\n\n<p>Senden Sie uns gern Ihre Anfrage und gemeinsam finden wir eine ma\u00dfgeschneiderte L\u00f6sung.<\/p>\n\n\n\n<div class=\"wp-block-buttons is-layout-flex wp-block-buttons-is-layout-flex\">\n  \n  <div class=\"wp-block-button\">\n    <a class=\"wp-block-button__link has-light-green-cyan-background-color has-background wp-element-button\"\n       href=\"mailto:office@pi-healthsolutions.com\">\n       office@pi-healthsolutions.com\n    <\/a>\n  <\/div>\n  \n<\/div>\n\n\n\n\n<p><\/p>\n","protected":false},"excerpt":{"rendered":"","protected":false},"author":2,"featured_media":0,"parent":0,"menu_order":0,"comment_status":"closed","ping_status":"closed","template":"","meta":{"footnotes":""},"class_list":["post-1181","page","type-page","status-publish","hentry"],"_links":{"self":[{"href":"https:\/\/pi-healthsolutions.com\/de\/wp-json\/wp\/v2\/pages\/1181","targetHints":{"allow":["GET"]}}],"collection":[{"href":"https:\/\/pi-healthsolutions.com\/de\/wp-json\/wp\/v2\/pages"}],"about":[{"href":"https:\/\/pi-healthsolutions.com\/de\/wp-json\/wp\/v2\/types\/page"}],"author":[{"embeddable":true,"href":"https:\/\/pi-healthsolutions.com\/de\/wp-json\/wp\/v2\/users\/2"}],"replies":[{"embeddable":true,"href":"https:\/\/pi-healthsolutions.com\/de\/wp-json\/wp\/v2\/comments?post=1181"}],"version-history":[{"count":3,"href":"https:\/\/pi-healthsolutions.com\/de\/wp-json\/wp\/v2\/pages\/1181\/revisions"}],"predecessor-version":[{"id":1201,"href":"https:\/\/pi-healthsolutions.com\/de\/wp-json\/wp\/v2\/pages\/1181\/revisions\/1201"}],"wp:attachment":[{"href":"https:\/\/pi-healthsolutions.com\/de\/wp-json\/wp\/v2\/media?parent=1181"}],"curies":[{"name":"wp","href":"https:\/\/api.w.org\/{rel}","templated":true}]}}