{"id":1187,"date":"2025-10-29T20:55:35","date_gmt":"2025-10-29T19:55:35","guid":{"rendered":"https:\/\/pi-healthsolutions.com\/?page_id=1187"},"modified":"2025-10-29T21:00:12","modified_gmt":"2025-10-29T20:00:12","slug":"soforthilfe-ukraine","status":"publish","type":"page","link":"https:\/\/pi-healthsolutions.com\/de\/soforthilfe-ukraine\/","title":{"rendered":"Soforthilfe Ukraine"},"content":{"rendered":"\n<div class=\"wp-block-media-text has-media-on-the-right is-stacked-on-mobile is-vertically-aligned-top is-style-right\"><div class=\"wp-block-media-text__content\">\n<h2 class=\"wp-block-heading\">+++AKTUELL+++UNTERST\u00dcTZUNG BEN\u00d6TIGT+++WICHTIG<\/h2>\n\n\n\n<p>Wir unterst\u00fctzen private Initiativen ukrainischer Kollegen beim Transport von Medikamenten und medizinischem Bedarf von Berlin in die Ukraine. Es w\u00e4re wunderbar, wenn Sie uns dabei unterst\u00fctzen k\u00f6nnten.<\/p>\n\n\n\n<p>Vielen Dank!<\/p>\n\n\n\n<p>Bitte schreiben Sie uns an office@pi-healthsolutions.com<\/p>\n\n\n\n<p><\/p>\n<\/div><figure class=\"wp-block-media-text__media\"><img loading=\"lazy\" decoding=\"async\" width=\"768\" height=\"1024\" src=\"https:\/\/pi-healthsolutions.com\/wp-content\/uploads\/2025\/10\/0F131338-EA01-47D1-AA6C-1080D4AD1F32-768x1024.jpeg\" alt=\"\" class=\"wp-image-1188 size-full\" srcset=\"https:\/\/pi-healthsolutions.com\/wp-content\/uploads\/2025\/10\/0F131338-EA01-47D1-AA6C-1080D4AD1F32-768x1024.jpeg 768w, https:\/\/pi-healthsolutions.com\/wp-content\/uploads\/2025\/10\/0F131338-EA01-47D1-AA6C-1080D4AD1F32-225x300.jpeg 225w, https:\/\/pi-healthsolutions.com\/wp-content\/uploads\/2025\/10\/0F131338-EA01-47D1-AA6C-1080D4AD1F32-1152x1536.jpeg 1152w, https:\/\/pi-healthsolutions.com\/wp-content\/uploads\/2025\/10\/0F131338-EA01-47D1-AA6C-1080D4AD1F32.jpeg 1536w\" sizes=\"auto, (max-width: 768px) 100vw, 768px\" \/><\/figure><\/div>\n\n\n\n<p><\/p>\n\n\n\n<div class=\"wp-block-media-text is-stacked-on-mobile is-vertically-aligned-top is-style-left\"><figure class=\"wp-block-media-text__media\"><img loading=\"lazy\" decoding=\"async\" width=\"640\" height=\"360\" src=\"https:\/\/pi-healthsolutions.com\/wp-content\/uploads\/2025\/10\/BA2AEDE6-8D46-49D0-9108-7365D46A7C8B.png\" alt=\"\" class=\"wp-image-1194 size-full\" srcset=\"https:\/\/pi-healthsolutions.com\/wp-content\/uploads\/2025\/10\/BA2AEDE6-8D46-49D0-9108-7365D46A7C8B.png 640w, https:\/\/pi-healthsolutions.com\/wp-content\/uploads\/2025\/10\/BA2AEDE6-8D46-49D0-9108-7365D46A7C8B-300x169.png 300w\" sizes=\"auto, (max-width: 640px) 100vw, 640px\" \/><\/figure><div class=\"wp-block-media-text__content\">\n<h2 class=\"wp-block-heading\">Personalunterst\u00fctzung f\u00fcr die Fl\u00fcchtendenhilfe<\/h2>\n\n\n\n<p>Wie wir alle beobachten auch wir bei PI-Health Solutions die Aktuelle Lage in der Ukraine und auch hierzulande mit Sorge. Neben dem Transport von Medikamenten und Medizinischem Versorgungsmaterial in Kooperation mit einer ukrainischen NGO, m\u00f6chten wir Ihnen unsere personelle Unterst\u00fctzung EU-weit anbieten.<\/p>\n\n\n\n<p>Als medizinischer Dienstleister f\u00fcr Unternehmen und \u00f6ffentliche Tr\u00e4ger (Personalunterst\u00fctzung Impfzentren und Studienlogistik) steht uns deutschlandweit ein Pool von Medizinischen Fachangestellten, \u00c4rzt*innen und Studierenden der Humanmedizin zur Verf\u00fcgung. W\u00e4hrend wir in der Lage sind sehr flexibel auf die Anforderungen unserer Auftraggeber zu reagieren und daf\u00fcr eng zusammen zu arbeiten, ist es f\u00fcr uns nat\u00fcrlich ein besonderer Ansporn zu wissen, dass wir mit unserer Arbeit Menschen in Not helfen k\u00f6nnen.<\/p>\n\n\n\n<p>Wir w\u00fcrden uns daher freuen, wenn wir Sie im Rahmen der derzeitigen Hilfsma\u00dfnahmen f\u00fcr Fl\u00fcchtende aus der Ukraine kurzfristig mit Fachpersonal und Hilfspersonal unterst\u00fctzen k\u00f6nnten. Bei Interesse bitten wir Sie um folgende Informationen:<br>\u2013 Art und Anzahl des Personals<br>\u2013 Einsatzort bzw. Region bei mobilem Einsatz<br>\u2013 voraussichtlichen Einsatzzeiten<br>\u2013 Zeitumfang des Einsatzes (Tage\/Stunden pro Woche)<\/p>\n\n\n\n<p><\/p>\n<\/div><\/div>\n","protected":false},"excerpt":{"rendered":"<p>+++AKTUELL+++UNTERST\u00dcTZUNG BEN\u00d6TIGT+++WICHTIG Wir unterst\u00fctzen private Initiativen ukrainischer Kollegen beim Transport von Medikamenten und medizinischem Bedarf von Berlin in die Ukraine. Es w\u00e4re wunderbar, wenn Sie uns dabei unterst\u00fctzen k\u00f6nnten. Vielen Dank! Bitte schreiben Sie uns an office@pi-healthsolutions.com Personalunterst\u00fctzung f\u00fcr die Fl\u00fcchtendenhilfe Wie wir alle beobachten auch wir bei PI-Health Solutions die Aktuelle Lage in der &hellip; <a href=\"https:\/\/pi-healthsolutions.com\/de\/soforthilfe-ukraine\/\">Continued<\/a><\/p>\n","protected":false},"author":2,"featured_media":0,"parent":0,"menu_order":0,"comment_status":"closed","ping_status":"closed","template":"","meta":{"footnotes":""},"class_list":["post-1187","page","type-page","status-publish","hentry"],"_links":{"self":[{"href":"https:\/\/pi-healthsolutions.com\/de\/wp-json\/wp\/v2\/pages\/1187","targetHints":{"allow":["GET"]}}],"collection":[{"href":"https:\/\/pi-healthsolutions.com\/de\/wp-json\/wp\/v2\/pages"}],"about":[{"href":"https:\/\/pi-healthsolutions.com\/de\/wp-json\/wp\/v2\/types\/page"}],"author":[{"embeddable":true,"href":"https:\/\/pi-healthsolutions.com\/de\/wp-json\/wp\/v2\/users\/2"}],"replies":[{"embeddable":true,"href":"https:\/\/pi-healthsolutions.com\/de\/wp-json\/wp\/v2\/comments?post=1187"}],"version-history":[{"count":2,"href":"https:\/\/pi-healthsolutions.com\/de\/wp-json\/wp\/v2\/pages\/1187\/revisions"}],"predecessor-version":[{"id":1196,"href":"https:\/\/pi-healthsolutions.com\/de\/wp-json\/wp\/v2\/pages\/1187\/revisions\/1196"}],"wp:attachment":[{"href":"https:\/\/pi-healthsolutions.com\/de\/wp-json\/wp\/v2\/media?parent=1187"}],"curies":[{"name":"wp","href":"https:\/\/api.w.org\/{rel}","templated":true}]}}