{"id":878,"date":"2025-10-23T13:34:12","date_gmt":"2025-10-23T13:34:12","guid":{"rendered":"https:\/\/pi-healthsolutions.com\/?page_id=878"},"modified":"2025-10-29T21:23:35","modified_gmt":"2025-10-29T20:23:35","slug":"878-2","status":"publish","type":"page","link":"https:\/\/pi-healthsolutions.com\/de\/","title":{"rendered":""},"content":{"rendered":"\n<div class=\"wp-block-media-text alignwide has-media-on-the-right is-stacked-on-mobile is-vertically-aligned-top is-style-default\" style=\"grid-template-columns:auto 57%\"><div class=\"wp-block-media-text__content\">\n<h1 class=\"wp-block-heading\">Willkommen<\/h1>\n\n\n\n<blockquote class=\"wp-block-quote is-layout-flow wp-block-quote-is-layout-flow\">\n<p>PI Health Solutions ist ein neuartiger und zeitgem\u00e4\u00dfer Typ von Gesundheitsdienstleistern. Unser Unternehmen st\u00fctzt sich auf drei S\u00e4ulen:<\/p>\n\n\n\n<ul class=\"wp-block-list\">\n<li>Webbasierte K\u00fcnstliche (KI)- und Big Data-gest\u00fctzte Softwarel\u00f6sungen<\/li>\n\n\n\n<li>Logistische Studienunterst\u00fctzung<\/li>\n\n\n\n<li>Mobile und station\u00e4re Corona-Testungen &amp; Impfunterst\u00fctzung<\/li>\n<\/ul>\n<\/blockquote>\n<\/div><figure class=\"wp-block-media-text__media\"><img loading=\"lazy\" decoding=\"async\" width=\"1024\" height=\"577\" src=\"https:\/\/pi-healthsolutions.com\/wp-content\/uploads\/2020\/07\/PIHS-Hero-2-1024x577.jpg\" alt=\"\" class=\"wp-image-106 size-full\" srcset=\"https:\/\/pi-healthsolutions.com\/wp-content\/uploads\/2020\/07\/PIHS-Hero-2-1024x577.jpg 1024w, https:\/\/pi-healthsolutions.com\/wp-content\/uploads\/2020\/07\/PIHS-Hero-2-300x169.jpg 300w, https:\/\/pi-healthsolutions.com\/wp-content\/uploads\/2020\/07\/PIHS-Hero-2-768x433.jpg 768w, https:\/\/pi-healthsolutions.com\/wp-content\/uploads\/2020\/07\/PIHS-Hero-2-1536x866.jpg 1536w, https:\/\/pi-healthsolutions.com\/wp-content\/uploads\/2020\/07\/PIHS-Hero-2.jpg 1940w\" sizes=\"auto, (max-width: 1024px) 100vw, 1024px\" \/><\/figure><\/div>\n\n\n\n<div class=\"wp-block-group is-style-background-border-left-top is-nowrap is-layout-flex wp-container-core-group-is-layout-ad2f72ca wp-block-group-is-layout-flex\">\n<div class=\"wp-block-media-text has-media-on-the-right is-stacked-on-mobile is-vertically-aligned-center .alignfull has-background\" style=\"background-color:#f8f8f8\"><div class=\"wp-block-media-text__content\">\n<h2 class=\"wp-block-heading\">PI Health Solutions bietet webbasierte K\u00fcnstliche Intelligenz (KI)- und Big Data-gest\u00fctzte Softwarel\u00f6sungen an.<\/h2>\n\n\n\n<p>Der Schwerpunkt liegt dabei auf der multivariaten Vorhersage von Krankheitsverl\u00e4ufen zur Optimierung medizinischer Entscheidungen und zur Bereitstellung einer soliden Datenbasis f\u00fcr gesundheitspolitische Entscheidungen. Die Softwarel\u00f6sungen richten sich vorrangig an Gesundheitsorganisationen, Privatunternehmen, \u00f6ffentliche und private Gesundheitsdienstleister sowie \u00c4rzte in der medizinischen Versorgung.<\/p>\n\n\n\n<p><a href=\"https:\/\/pi-healthsolutions.com\/de\/our-services\/medizinische-softwareloesungen\/\">Erfahren Sie mehr ><\/a><\/p>\n\n\n\n<p><\/p>\n<\/div><figure class=\"wp-block-media-text__media\"><img loading=\"lazy\" decoding=\"async\" width=\"1024\" height=\"764\" src=\"https:\/\/pi-healthsolutions.com\/wp-content\/uploads\/2025\/10\/frontpage-1-1024x764.jpg\" alt=\"\" class=\"wp-image-1022 size-full\" srcset=\"https:\/\/pi-healthsolutions.com\/wp-content\/uploads\/2025\/10\/frontpage-1-1024x764.jpg 1024w, https:\/\/pi-healthsolutions.com\/wp-content\/uploads\/2025\/10\/frontpage-1-300x224.jpg 300w, https:\/\/pi-healthsolutions.com\/wp-content\/uploads\/2025\/10\/frontpage-1-768x573.jpg 768w, https:\/\/pi-healthsolutions.com\/wp-content\/uploads\/2025\/10\/frontpage-1.jpg 1268w\" sizes=\"auto, (max-width: 1024px) 100vw, 1024px\" \/><\/figure><\/div>\n\n\n\n<div style=\"height:100px;width:0px\" aria-hidden=\"true\" class=\"wp-block-spacer wp-container-content-6388d5dc\"><\/div>\n<\/div>\n\n\n\n<div class=\"wp-block-media-text is-stacked-on-mobile is-style-left\"><figure class=\"wp-block-media-text__media\"><img loading=\"lazy\" decoding=\"async\" width=\"1024\" height=\"478\" src=\"https:\/\/pi-healthsolutions.com\/wp-content\/uploads\/2025\/10\/frontpage-2-4-1024x478.jpg\" alt=\"\" class=\"wp-image-979 size-full\" srcset=\"https:\/\/pi-healthsolutions.com\/wp-content\/uploads\/2025\/10\/frontpage-2-4-1024x478.jpg 1024w, https:\/\/pi-healthsolutions.com\/wp-content\/uploads\/2025\/10\/frontpage-2-4-300x140.jpg 300w, https:\/\/pi-healthsolutions.com\/wp-content\/uploads\/2025\/10\/frontpage-2-4-768x358.jpg 768w, https:\/\/pi-healthsolutions.com\/wp-content\/uploads\/2025\/10\/frontpage-2-4.jpg 1264w\" sizes=\"auto, (max-width: 1024px) 100vw, 1024px\" \/><\/figure><div class=\"wp-block-media-text__content\">\n<h2 class=\"wp-block-heading\">PI Health Solutions unterst\u00fctzt bei der Logistik von Studien.<\/h2>\n\n\n\n<p>PI Health Solutions wendet neuartige Konzepte der studienlogistischen Unterst\u00fctzung an, um klinische sowie epidemiologische Studien schnell und mit maximaler Flexibilit\u00e4t durchf\u00fchren zu k\u00f6nnen.<\/p>\n\n\n\n<p><a href=\"https:\/\/pi-healthsolutions.com\/de\/our-services\/studienlogistik\/\">Erfahren Sie mehr &gt;<\/a><\/p>\n\n\n\n<p><\/p>\n<\/div><\/div>\n\n\n\n<div class=\"wp-block-media-text alignwide is-stacked-on-mobile is-vertically-aligned-top is-style-left\"><figure class=\"wp-block-media-text__media\"><img loading=\"lazy\" decoding=\"async\" width=\"1024\" height=\"683\" src=\"https:\/\/pi-healthsolutions.com\/wp-content\/uploads\/2021\/06\/frontpage-4-1024x683.jpg\" alt=\"\" class=\"wp-image-429 size-full\" srcset=\"https:\/\/pi-healthsolutions.com\/wp-content\/uploads\/2021\/06\/frontpage-4-1024x683.jpg 1024w, https:\/\/pi-healthsolutions.com\/wp-content\/uploads\/2021\/06\/frontpage-4-300x200.jpg 300w, https:\/\/pi-healthsolutions.com\/wp-content\/uploads\/2021\/06\/frontpage-4-768x512.jpg 768w, https:\/\/pi-healthsolutions.com\/wp-content\/uploads\/2021\/06\/frontpage-4.jpg 1208w\" sizes=\"auto, (max-width: 1024px) 100vw, 1024px\" \/><\/figure><div class=\"wp-block-media-text__content\">\n<h2 class=\"wp-block-heading\">Wir tragen gesellschaftliche Verantwortung.<\/h2>\n\n\n\n<p class=\"has-normal-font-size\">Investitionen in soziale Projekte betrachten wir als wesentlichen Bestandteil unserer gesellschaftlichen Verantwortung. PI Health Solutions unterst\u00fctzt finanziell regelm\u00e4\u00dfig gemeinn\u00fctzige und soziale Projekte sowie Institutionen, um einen Beitrag f\u00fcr unser Umfeld und unsere Umwelt zu leisten (\u00c4rzte ohne Grenzen, Oxfam \u2013 1.000.000 neue B\u00e4ume f\u00fcr den Kongo sowie UN Women \u2013 HeForShe)..<\/p>\n<\/div><\/div>\n\n\n\n<h2 class=\"wp-block-heading\">Kontaktieren Sie uns gerne f\u00fcr weitere Informationen.<\/h2>\n\n\n\n<div class=\"wp-block-buttons is-layout-flex wp-block-buttons-is-layout-flex\">\n  \n  <div class=\"wp-block-button\">\n    <a class=\"wp-block-button__link has-light-green-cyan-background-color has-background wp-element-button\"\n       href=\"mailto:office@pi-healthsolutions.com\">\n       office@pi-healthsolutions.com\n    <\/a>\n  <\/div>\n  \n<\/div>\n\n\n\n\n<div style=\"height:100px\" aria-hidden=\"true\" class=\"wp-block-spacer\"><\/div>\n\n\n\n<div class=\"wp-block-columns is-layout-flex wp-container-core-columns-is-layout-9d6595d7 wp-block-columns-is-layout-flex\">\n<div class=\"wp-block-column is-layout-flow wp-block-column-is-layout-flow\" style=\"flex-basis:21%\">\n<figure class=\"wp-block-image alignleft size-full is-resized\"><a href=\"https:\/\/pi-solutionsgroup.com\/\"><img loading=\"lazy\" decoding=\"async\" width=\"296\" height=\"160\" src=\"https:\/\/pi-healthsolutions.com\/wp-content\/uploads\/2021\/11\/A8Vtvodz-1.png\" alt=\"\" class=\"wp-image-447\" style=\"width:148px;height:80px\"\/><\/a><\/figure>\n\n\n\n<p><\/p>\n<\/div>\n\n\n\n<div class=\"wp-block-column is-layout-flow wp-block-column-is-layout-flow\" style=\"flex-basis:100%\">\n<p><\/p>\n\n\n\n<p class=\"has-text-align-left\">PI Health Solutions GmbH is part of the <a href=\"https:\/\/pi-solutionsgroup.com\/\">PI Solutions Group GmbH<\/a><\/p>\n<\/div>\n<\/div>\n\n\n\n<p><\/p>\n","protected":false},"excerpt":{"rendered":"<p>PI Health Solutions bietet webbasierte K\u00fcnstliche Intelligenz (KI)- und Big Data-gest\u00fctzte Softwarel\u00f6sungen an. Der Schwerpunkt liegt dabei auf der multivariaten Vorhersage von Krankheitsverl\u00e4ufen zur Optimierung medizinischer Entscheidungen und zur Bereitstellung einer soliden Datenbasis f\u00fcr gesundheitspolitische Entscheidungen. Die Softwarel\u00f6sungen richten sich vorrangig an Gesundheitsorganisationen, Privatunternehmen, \u00f6ffentliche und private Gesundheitsdienstleister sowie \u00c4rzte in der medizinischen Versorgung. Erfahren &hellip; <a href=\"https:\/\/pi-healthsolutions.com\/de\/\">Continued<\/a><\/p>\n","protected":false},"author":2,"featured_media":0,"parent":0,"menu_order":1,"comment_status":"closed","ping_status":"closed","template":"","meta":{"footnotes":""},"class_list":["post-878","page","type-page","status-publish","hentry"],"_links":{"self":[{"href":"https:\/\/pi-healthsolutions.com\/de\/wp-json\/wp\/v2\/pages\/878","targetHints":{"allow":["GET"]}}],"collection":[{"href":"https:\/\/pi-healthsolutions.com\/de\/wp-json\/wp\/v2\/pages"}],"about":[{"href":"https:\/\/pi-healthsolutions.com\/de\/wp-json\/wp\/v2\/types\/page"}],"author":[{"embeddable":true,"href":"https:\/\/pi-healthsolutions.com\/de\/wp-json\/wp\/v2\/users\/2"}],"replies":[{"embeddable":true,"href":"https:\/\/pi-healthsolutions.com\/de\/wp-json\/wp\/v2\/comments?post=878"}],"version-history":[{"count":61,"href":"https:\/\/pi-healthsolutions.com\/de\/wp-json\/wp\/v2\/pages\/878\/revisions"}],"predecessor-version":[{"id":1202,"href":"https:\/\/pi-healthsolutions.com\/de\/wp-json\/wp\/v2\/pages\/878\/revisions\/1202"}],"wp:attachment":[{"href":"https:\/\/pi-healthsolutions.com\/de\/wp-json\/wp\/v2\/media?parent=878"}],"curies":[{"name":"wp","href":"https:\/\/api.w.org\/{rel}","templated":true}]}}